{"id":1021,"date":"2024-03-21T19:59:25","date_gmt":"2024-03-21T19:59:25","guid":{"rendered":"https:\/\/rhs.swlauriersb.vortexdev.com\/?page_id=1021"},"modified":"2024-03-25T17:51:00","modified_gmt":"2024-03-25T17:51:00","slug":"politiques","status":"publish","type":"page","link":"https:\/\/rhs.swlauriersb.vortexdev.com\/fr\/politiques\/","title":{"rendered":"Politiques"},"content":{"rendered":"\n<h2 class=\"wp-block-heading\">Politiques scolaires<\/h2>\n\n\n\n<div class=\"wp-block-buttons is-layout-flex wp-block-buttons-is-layout-flex\">\n<div class=\"wp-block-button is-style-text-link-pdf\"><a class=\"wp-block-button__link wp-element-button\" href=\"https:\/\/rhs.swlauriersb.vortexdev.com\/wp-content\/uploads\/sites\/9\/2024\/03\/RHS_POLICIES_Code-of-Conduct-2023-2024_FRA.pdf\" target=\"_blank\" rel=\"noreferrer noopener\">Code de conduite 2023-2024<i class=\"icon-pdf\"><\/i><\/a><\/div>\n<\/div>\n\n\n\n<div class=\"wp-block-buttons is-layout-flex wp-block-buttons-is-layout-flex\">\n<div class=\"wp-block-button is-style-text-link-pdf\"><a class=\"wp-block-button__link wp-element-button\">Guide de l&#8217;\u00e9l\u00e8ve 2023-2024<i class=\"icon-pdf\"><\/i><\/a><\/div>\n<\/div>\n\n\n\n<div class=\"wp-block-buttons is-layout-flex wp-block-buttons-is-layout-flex\">\n<div class=\"wp-block-button is-style-text-link-pdf\"><a class=\"wp-block-button__link wp-element-button\">Project \u00e9ducatif de l&#8217;\u00e9cole seondaire de Rosem\u00e8re<i class=\"icon-pdf\"><\/i><\/a><\/div>\n<\/div>\n\n\n\n<div class=\"wp-block-buttons is-layout-flex wp-block-buttons-is-layout-flex\">\n<div class=\"wp-block-button is-style-text-link-pdf\"><a class=\"wp-block-button__link wp-element-button\" href=\"https:\/\/rhs.swlauriersb.vortexdev.com\/wp-content\/uploads\/sites\/9\/2024\/03\/RHS_POLICIES_Dress-Code-2023-2024_FRA.pdf\" target=\"_blank\" rel=\"noreferrer noopener\">Code vestimentaire 2023-2024<i class=\"icon-pdf\"><\/i><\/a><\/div>\n<\/div>\n\n\n\n<div class=\"wp-block-buttons is-layout-flex wp-block-buttons-is-layout-flex\">\n<div class=\"wp-block-button is-style-text-link-pdf\"><a class=\"wp-block-button__link wp-element-button\">Politique sur le vapotage<i class=\"icon-pdf\"><\/i><\/a><\/div>\n<\/div>\n\n\n\n<h2 class=\"wp-block-heading\">Sommaire des \u00e9valuations<\/h2>\n\n\n\n<div class=\"wp-block-buttons is-layout-flex wp-block-buttons-is-layout-flex\">\n<div class=\"wp-block-button is-style-text-link-pdf\"><a class=\"wp-block-button__link wp-element-button\">Sommaire du plan d&#8217;\u00e9valuation &#8211; secondaire 1<i class=\"icon-pdf\"><\/i><\/a><\/div>\n<\/div>\n\n\n\n<div class=\"wp-block-buttons is-layout-flex wp-block-buttons-is-layout-flex\">\n<div class=\"wp-block-button is-style-text-link-pdf\"><a class=\"wp-block-button__link wp-element-button\">Sommaire du plan d&#8217;\u00e9valuation &#8211; secondaire 2<i class=\"icon-pdf\"><\/i><\/a><\/div>\n<\/div>\n\n\n\n<div class=\"wp-block-buttons is-layout-flex wp-block-buttons-is-layout-flex\">\n<div class=\"wp-block-button is-style-text-link-pdf\"><a class=\"wp-block-button__link wp-element-button\">Sommaire du plan d&#8217;\u00e9valuation &#8211; secondaire 3<i class=\"icon-pdf\"><\/i><\/a><\/div>\n<\/div>\n\n\n\n<div class=\"wp-block-buttons is-layout-flex wp-block-buttons-is-layout-flex\">\n<div class=\"wp-block-button is-style-text-link-pdf\"><a class=\"wp-block-button__link wp-element-button\">Sommaire du plan d&#8217;\u00e9valuation &#8211; secondaire 4<i class=\"icon-pdf\"><\/i><\/a><\/div>\n<\/div>\n\n\n\n<div class=\"wp-block-buttons is-layout-flex wp-block-buttons-is-layout-flex\">\n<div class=\"wp-block-button is-style-text-link-pdf\"><a class=\"wp-block-button__link wp-element-button\">Sommaire du plan d&#8217;\u00e9valuation &#8211; secondaire 5<i class=\"icon-pdf\"><\/i><\/a><\/div>\n<\/div>\n\n\n\n<div class=\"wp-block-buttons is-layout-flex wp-block-buttons-is-layout-flex\">\n<div class=\"wp-block-button is-style-text-link-pdf\"><a class=\"wp-block-button__link wp-element-button\">Sommaire du plan d&#8217;\u00e9valuation &#8211; PFAE<i class=\"icon-pdf\"><\/i><\/a><\/div>\n<\/div>\n\n\n\n<div class=\"wp-block-buttons is-layout-flex wp-block-buttons-is-layout-flex\">\n<div class=\"wp-block-button is-style-text-link-pdf\"><a class=\"wp-block-button__link wp-element-button\">Sommaire du plan d&#8217;\u00e9valuation &#8211; VEE<i class=\"icon-pdf\"><\/i><\/a><\/div>\n<\/div>\n\n\n\n<div class=\"wp-block-buttons is-layout-flex wp-block-buttons-is-layout-flex\">\n<div class=\"wp-block-button is-style-text-link-pdf\"><a class=\"wp-block-button__link wp-element-button\">Sommaire du plan d&#8217;\u00e9valuation &#8211; PD<i class=\"icon-pdf\"><\/i><\/a><\/div>\n<\/div>\n\n\n\n<div class=\"wp-block-buttons is-layout-flex wp-block-buttons-is-layout-flex\">\n<div class=\"wp-block-button is-style-text-link-pdf\"><a class=\"wp-block-button__link wp-element-button\">Sommaire du plan d&#8217;\u00e9valuation &#8211; RS <i class=\"icon-pdf\"><\/i><\/a><\/div>\n<\/div>\n\n\n\n<h2 class=\"wp-block-heading\">Pr\u00e9sence \u00e0 l&#8217;\u00e9cole<\/h2>\n\n\n\n<p>Il existe un lien \u00e9vident entre une pr\u00e9sence r\u00e9guli\u00e8re \u00e0 l\u2019\u00e9cole et la r\u00e9ussite des \u00e9l\u00e8ves. On demande aux parents d\u2019aviser l\u2019\u00e9cole lorsque leur enfant est absent en l\u2019indiquant directement depuis le Portail Parents Mozaik.<\/p>\n\n\n\n<div class=\"wp-block-buttons is-layout-flex wp-block-buttons-is-layout-flex\">\n<div class=\"wp-block-button is-style-text-link-pdf\"><a class=\"wp-block-button__link wp-element-button\" href=\"https:\/\/rhs.swlauriersb.vortexdev.com\/wp-content\/uploads\/sites\/9\/2023\/12\/RHS-Mozaik-Parent-Portal_Connection-Procedure-2018-FR.pdf\" target=\"_blank\" rel=\"noreferrer noopener\">Portail Parent Moza\u00efk &#8211; proc\u00e9dure de connection<i class=\"icon-pdf\"><\/i><\/a><\/div>\n<\/div>\n","protected":false},"excerpt":{"rendered":"<p>Politiques scolaires Sommaire des \u00e9valuations Pr\u00e9sence \u00e0 l&#8217;\u00e9cole Il existe un lien \u00e9vident entre une pr\u00e9sence r\u00e9guli\u00e8re \u00e0 l\u2019\u00e9cole et la r\u00e9ussite des \u00e9l\u00e8ves. On demande aux parents d\u2019aviser l\u2019\u00e9cole lorsque leur enfant est absent en l\u2019indiquant directement depuis le Portail Parents Mozaik.<\/p>\n","protected":false},"author":5,"featured_media":0,"parent":0,"menu_order":0,"comment_status":"closed","ping_status":"closed","template":"","meta":{"_acf_changed":false,"_relevanssi_hide_post":"","_relevanssi_hide_content":"","_relevanssi_pin_for_all":"","_relevanssi_pin_keywords":"","_relevanssi_unpin_keywords":"","_relevanssi_related_keywords":"","_relevanssi_related_include_ids":"","_relevanssi_related_exclude_ids":"","_relevanssi_related_no_append":"","_relevanssi_related_not_related":"","_relevanssi_related_posts":"","_relevanssi_noindex_reason":"","footnotes":""},"acf":[],"_links":{"self":[{"href":"https:\/\/rhs.swlauriersb.vortexdev.com\/fr\/wp-json\/wp\/v2\/pages\/1021"}],"collection":[{"href":"https:\/\/rhs.swlauriersb.vortexdev.com\/fr\/wp-json\/wp\/v2\/pages"}],"about":[{"href":"https:\/\/rhs.swlauriersb.vortexdev.com\/fr\/wp-json\/wp\/v2\/types\/page"}],"author":[{"embeddable":true,"href":"https:\/\/rhs.swlauriersb.vortexdev.com\/fr\/wp-json\/wp\/v2\/users\/5"}],"replies":[{"embeddable":true,"href":"https:\/\/rhs.swlauriersb.vortexdev.com\/fr\/wp-json\/wp\/v2\/comments?post=1021"}],"version-history":[{"count":4,"href":"https:\/\/rhs.swlauriersb.vortexdev.com\/fr\/wp-json\/wp\/v2\/pages\/1021\/revisions"}],"predecessor-version":[{"id":1032,"href":"https:\/\/rhs.swlauriersb.vortexdev.com\/fr\/wp-json\/wp\/v2\/pages\/1021\/revisions\/1032"}],"wp:attachment":[{"href":"https:\/\/rhs.swlauriersb.vortexdev.com\/fr\/wp-json\/wp\/v2\/media?parent=1021"}],"curies":[{"name":"wp","href":"https:\/\/api.w.org\/{rel}","templated":true}]}}