{"id":760,"date":"2023-12-18T18:53:48","date_gmt":"2023-12-18T18:53:48","guid":{"rendered":"https:\/\/rhs.swlauriersb.vortexdev.com\/about-rhs\/"},"modified":"2024-03-25T19:02:21","modified_gmt":"2024-03-25T19:02:21","slug":"a-propos-rhs","status":"publish","type":"page","link":"https:\/\/rhs.swlauriersb.vortexdev.com\/fr\/a-propos-rhs\/","title":{"rendered":"\u00c0 propos"},"content":{"rendered":"\n<p>L\u2019\u00e9cole secondaire de Rosem\u00e8re est une \u00e9cole dont la vocation est d\u2019offrir un milieu d\u2019apprentissage positif et coop\u00e9ratif qui encourage la tol\u00e9rance, l\u2019estime de soi, le respect des autres et un sentiment d\u2019appartenance solide. Elle est situ\u00e9e au 530, rue Northcote \u00e0 Rosem\u00e8re, au Qu\u00e9bec, \u00e0 une distance d\u2019environ 35\u00a0kilom\u00e8tres de Montr\u00e9al. L\u2019\u00e9cole accueille pr\u00e8s de 1\u00a0200 \u00e9l\u00e8ves de 1<sup>er<\/sup> et 2<sup>e<\/sup> cycles du secondaire. Elle est situ\u00e9e au nord de Laval, et dessert des \u00e9l\u00e8ves provenant d\u2019un vaste territoire g\u00e9ographique\u00a0: Rosem\u00e8re, Blainville, Sainte-Th\u00e9r\u00e8se, Lorraine, Bois-des-Fillion, Mascouche, Repentigny et Sainte-Anne-des-Plaines.\u00a0\u00a0\u00a0\u00a0\u00a0\u00a0\u00a0\u00a0\u00a0\u00a0\u00a0\u00a0\u00a0\u00a0\u00a0\u00a0\u00a0\u00a0\u00a0\u00a0\u00a0\u00a0<\/p>\n\n\n\n<p>L\u2019histoire de l\u2019\u00e9cole secondaire de Rosem\u00e8re remonte au milieu des ann\u00e9es 1960, lorsque le gouvernement a cr\u00e9\u00e9 les \u00e9coles secondaires polyvalentes. Ce concept offrait des possibilit\u00e9s de formation acad\u00e9mique et professionnelle, une panoplie d\u2019options de cours et de nombreuses activit\u00e9s parascolaires. Depuis, cette \u00e9cole est devenue une pierre angulaire de la communaut\u00e9 anglophone sur la rive nord.<\/p>\n\n\n\n<p>\u00c0 l\u2019\u00e9cole secondaire de Rosem\u00e8re, la participation des parents est tr\u00e8s importante. Que ce soit par l\u2019entremise du conseil d\u2019\u00e9tablissement, de l\u2019organisme de participation des parents ou des&nbsp;b\u00e9n\u00e9voles, les parents jouent un r\u00f4le d\u00e9terminant au sein de notre \u00e9tablissement et ils b\u00e9n\u00e9ficient d\u2019un soutien constant dans leur engagement envers l\u2019am\u00e9lioration de l\u2019\u00e9cole. L\u2019\u00e9cole secondaire de Rosem\u00e8re poss\u00e8de une population \u00e9tudiante vibrante et diversifi\u00e9e, de m\u00eame qu\u2019un corps professoral d\u00e9vou\u00e9.<\/p>\n\n\n\n<p>Les cours commencent \u00e0 7&nbsp;h&nbsp;40 et se terminent \u00e0 14&nbsp;h&nbsp;15.<\/p>\n\n\n\n<div class=\"wp-block-buttons is-layout-flex wp-block-buttons-is-layout-flex\"><\/div>\n","protected":false},"excerpt":{"rendered":"<p>L\u2019\u00e9cole secondaire de Rosem\u00e8re est une \u00e9cole dont la vocation est d\u2019offrir un milieu d\u2019apprentissage positif et coop\u00e9ratif qui encourage la tol\u00e9rance, l\u2019estime de soi, le respect des autres et un sentiment d\u2019appartenance solide. Elle est situ\u00e9e au 530, rue Northcote \u00e0 Rosem\u00e8re, au Qu\u00e9bec, \u00e0 une distance d\u2019environ 35\u00a0kilom\u00e8tres de Montr\u00e9al. L\u2019\u00e9cole accueille pr\u00e8s&hellip;<\/p>\n","protected":false},"author":1,"featured_media":619,"parent":0,"menu_order":0,"comment_status":"closed","ping_status":"closed","template":"","meta":{"_acf_changed":false,"_relevanssi_hide_post":"","_relevanssi_hide_content":"","_relevanssi_pin_for_all":"","_relevanssi_pin_keywords":"","_relevanssi_unpin_keywords":"","_relevanssi_related_keywords":"","_relevanssi_related_include_ids":"","_relevanssi_related_exclude_ids":"","_relevanssi_related_no_append":"","_relevanssi_related_not_related":"","_relevanssi_related_posts":"","_relevanssi_noindex_reason":"","footnotes":""},"acf":[],"_links":{"self":[{"href":"https:\/\/rhs.swlauriersb.vortexdev.com\/fr\/wp-json\/wp\/v2\/pages\/760"}],"collection":[{"href":"https:\/\/rhs.swlauriersb.vortexdev.com\/fr\/wp-json\/wp\/v2\/pages"}],"about":[{"href":"https:\/\/rhs.swlauriersb.vortexdev.com\/fr\/wp-json\/wp\/v2\/types\/page"}],"author":[{"embeddable":true,"href":"https:\/\/rhs.swlauriersb.vortexdev.com\/fr\/wp-json\/wp\/v2\/users\/1"}],"replies":[{"embeddable":true,"href":"https:\/\/rhs.swlauriersb.vortexdev.com\/fr\/wp-json\/wp\/v2\/comments?post=760"}],"version-history":[{"count":2,"href":"https:\/\/rhs.swlauriersb.vortexdev.com\/fr\/wp-json\/wp\/v2\/pages\/760\/revisions"}],"predecessor-version":[{"id":1040,"href":"https:\/\/rhs.swlauriersb.vortexdev.com\/fr\/wp-json\/wp\/v2\/pages\/760\/revisions\/1040"}],"wp:featuredmedia":[{"embeddable":true,"href":"https:\/\/rhs.swlauriersb.vortexdev.com\/fr\/wp-json\/wp\/v2\/media\/619"}],"wp:attachment":[{"href":"https:\/\/rhs.swlauriersb.vortexdev.com\/fr\/wp-json\/wp\/v2\/media?parent=760"}],"curies":[{"name":"wp","href":"https:\/\/api.w.org\/{rel}","templated":true}]}}