{"id":762,"date":"2023-11-02T09:46:37","date_gmt":"2023-11-02T09:46:37","guid":{"rendered":"https:\/\/rhs.swlauriersb.vortexdev.com\/staff\/"},"modified":"2025-10-26T17:12:44","modified_gmt":"2025-10-26T17:12:44","slug":"personnel","status":"publish","type":"page","link":"https:\/\/rhs.swlauriersb.vortexdev.com\/fr\/personnel\/","title":{"rendered":"Personnel"},"content":{"rendered":"\n<div class=\"block-accordions-group theme-block theme-block--innerblock aligndefault\">\n    <span class=\"theme-block__label\">Accord\u00e9ons<\/span>\n  \n    \n<div class=\"block-accordion  theme-block theme-block--innerblock aligndefault\">\n    <span class=\"theme-block__label\">Accord\u00e9on<\/span>\n    <h3 class=\"block-accordion__title\">DIRECTION<\/h3>\n    \n\n<div class=\"wp-block-columns is-layout-flex wp-container-core-columns-is-layout-1 wp-block-columns-is-layout-flex\">\n<div class=\"wp-block-column is-layout-flow wp-block-column-is-layout-flow\" style=\"flex-basis:100%\">\n<div class=\"wp-block-group is-vertical is-layout-flex wp-container-core-group-is-layout-1 wp-block-group-is-layout-flex\">\n<figure class=\"wp-block-table\"><table class=\"has-fixed-layout\"><tbody><tr><td>Karen Lorenz<\/td><td>Directrice<\/td><td>Poste 8710<\/td><\/tr><tr><td>Lee-Ann Sacks<\/td><td>Directrice adjointe 1<sup>re<\/sup> et 2<sup>e<\/sup> secondaire<\/td><td>Poste 8712<\/td><\/tr><tr><td>Sarah Trace<\/td><td>Directrice adjointe 3<sup>e<\/sup>  secondaire, formation ax\u00e9e sur l\u2019emploi<\/td><td>Poste 8711<\/td><\/tr><tr><td>Amber Bressi<\/td><td>Directrice adjointe 4e et 5e secondaire<\/td><td>Poste 8713<\/td><\/tr><tr><td>Mathieu Croteau<\/td><td>Gestionnaire d\u2019immeuble<\/td><td>Poste 8714<\/td><\/tr><\/tbody><\/table><\/figure>\n<\/div>\n<\/div>\n<\/div>\n\n\n<\/div>\n\n                    \n\n\n<div class=\"block-accordion  theme-block theme-block--innerblock aligndefault\">\n    <span class=\"theme-block__label\">Accord\u00e9on<\/span>\n    <h3 class=\"block-accordion__title\">PERSONNEL ENSEIGNANT<\/h3>\n    \n\n<p>SVP acceder au site Clic \u00c9cole pour communiquer avec les enseignants de vos \u00e9l\u00e8ves.<\/p>\n\n\n<\/div>\n\n                    \n\n\n<div class=\"block-accordion  theme-block theme-block--innerblock aligndefault\">\n    <span class=\"theme-block__label\">Accord\u00e9on<\/span>\n    <h3 class=\"block-accordion__title\">PERSONNEL DE SOUTIEN\/\u00c9QUIPE DE CONSEILLERS D\u2019ORIENTATION<\/h3>\n    \n\n<figure class=\"wp-block-table\"><table class=\"has-fixed-layout\"><tbody><tr><td>Bourgoin, Cindy<\/td><td>Secr\u00e9taire d&#8217;\u00e9cole  \u00a0\u00a0\u00a0\u00a0\u00a0\u00a0\u00a0\u00a0\u00a0\u00a0\u00a0\u00a0<br><\/td><td>Poste\u00a08715<\/td><\/tr><tr><td>Bradley, Meghan<\/td><td>Pr\u00e9pos\u00e9e<\/td><td><\/td><\/tr><tr><td>Brett, Angela<\/td><td>Conseill\u00e8re d\u2019orientation&nbsp;<\/td><td>Poste&nbsp;8737<\/td><\/tr><tr><td>Briere, Kathleen<\/td><td>Technicienne en \u00e9ducation sp\u00e9cialis\u00e9e&nbsp;<\/td><td>Poste&nbsp;8749<\/td><\/tr><tr><td>Cot\u00e9, Andr\u00e9e-Anne&nbsp;&nbsp;&nbsp;&nbsp;&nbsp;&nbsp;&nbsp;&nbsp;<\/td><td>Technicienne en travaux pratiques<\/td><td><\/td><\/tr><tr><td>D\u2019Ambrosio, Cathy<\/td><td>Pr\u00e9pos\u00e9e<\/td><td><\/td><\/tr><tr><td>Degroot, Selina<\/td><td>Pr\u00e9pos\u00e9e<\/td><td><\/td><\/tr><tr><td>Denis, Maryse<\/td><td>Surveillante<\/td><td><\/td><\/tr><tr><td>Forgione, Julia<\/td><td>Technicienne en \u00e9ducation sp\u00e9cialis\u00e9e<\/td><td>Poste&nbsp;8748<\/td><\/tr><tr><td>Gaboury, Lya<\/td><td>Pr\u00e9pos\u00e9e<\/td><td><\/td><\/tr><tr><td>Goill, Meyranie<\/td><td>Technicienne en loisir<\/td><td><\/td><\/tr><tr><td>Lalancette, Martin<\/td><td>Conseiller d\u2019orientation&nbsp;&nbsp;<\/td><td>Poste&nbsp;8743<\/td><\/tr><tr><td>Leroux, Caroline<\/td><td>Surveillante<\/td><td><\/td><\/tr><tr><td>L\u2019Heureux, Pascale<\/td><td>Technicienne en \u00e9ducation sp\u00e9cialis\u00e9e<\/td><td>Poste&nbsp;8741<\/td><\/tr><tr><td>Lioumbas, Donna<\/td><td>Secr\u00e9taire<\/td><td>Poste&nbsp;8716<\/td><\/tr><tr><td>Mattigetz, Sara<\/td><td>Conseill\u00e8re d\u2019orientation<\/td><td>Poste&nbsp;8720<\/td><\/tr><tr><td>Niphakis, Wanda<\/td><td>Surveillante d\u2019\u00e9l\u00e8ves&nbsp;&nbsp;<\/td><td>Poste&nbsp;8730<\/td><\/tr><tr><td>Pagliuca, Tiziana<\/td><td>Pr\u00e9pos\u00e9e<\/td><td><\/td><\/tr><tr><td>Plante, Sylvie<\/td><td>Technicienne en documentation <\/td><td>Poste&nbsp;8721<\/td><\/tr><tr><td>Price, Brenda<\/td><td>Surveillante d\u2019\u00e9l\u00e8ves<\/td><td>Poste&nbsp;8730<\/td><\/tr><tr><td>Puklicz, Jason<\/td><td>Technicien en \u00e9ducation sp\u00e9cialis\u00e9e&nbsp;<\/td><td>Poste&nbsp;8741<\/td><\/tr><tr><td>Raimondo, Grace<\/td><td>Surveillantes d\u2019\u00e9l\u00e8ves&nbsp;<\/td><td>Poste&nbsp;8730<\/td><\/tr><tr><td>Richards, Janet<\/td><td>Technicienne en \u00e9ducation sp\u00e9cialis\u00e9e<\/td><td>Poste&nbsp;8717<\/td><\/tr><tr><td>Sanseverino, Maddy<\/td><td>Agent de bureau<\/td><td><\/td><\/tr><tr><td>Tortorici, Jossie<\/td><td>Technicienne en organisation scolaire<\/td><td>Poste&nbsp;8719<\/td><\/tr><tr><td>Vavatis, Catherine<\/td><td>Pr\u00e9pos\u00e9e<\/td><td><\/td><\/tr><tr><td>Walker, Jessica<\/td><td>Technicienne en \u00e9ducation sp\u00e9cialis\u00e9e<\/td><td>Poste&nbsp;8725<\/td><\/tr><\/tbody><\/table><\/figure>\n\n\n<\/div>\n\n                    \n\n\n<\/div>\n","protected":false},"excerpt":{"rendered":"","protected":false},"author":1,"featured_media":0,"parent":0,"menu_order":0,"comment_status":"closed","ping_status":"closed","template":"","meta":{"_acf_changed":false,"_relevanssi_hide_post":"","_relevanssi_hide_content":"","_relevanssi_pin_for_all":"","_relevanssi_pin_keywords":"","_relevanssi_unpin_keywords":"","_relevanssi_related_keywords":"","_relevanssi_related_include_ids":"","_relevanssi_related_exclude_ids":"","_relevanssi_related_no_append":"","_relevanssi_related_not_related":"","_relevanssi_related_posts":"","_relevanssi_noindex_reason":"","footnotes":""},"acf":[],"_links":{"self":[{"href":"https:\/\/rhs.swlauriersb.vortexdev.com\/fr\/wp-json\/wp\/v2\/pages\/762"}],"collection":[{"href":"https:\/\/rhs.swlauriersb.vortexdev.com\/fr\/wp-json\/wp\/v2\/pages"}],"about":[{"href":"https:\/\/rhs.swlauriersb.vortexdev.com\/fr\/wp-json\/wp\/v2\/types\/page"}],"author":[{"embeddable":true,"href":"https:\/\/rhs.swlauriersb.vortexdev.com\/fr\/wp-json\/wp\/v2\/users\/1"}],"replies":[{"embeddable":true,"href":"https:\/\/rhs.swlauriersb.vortexdev.com\/fr\/wp-json\/wp\/v2\/comments?post=762"}],"version-history":[{"count":5,"href":"https:\/\/rhs.swlauriersb.vortexdev.com\/fr\/wp-json\/wp\/v2\/pages\/762\/revisions"}],"predecessor-version":[{"id":1182,"href":"https:\/\/rhs.swlauriersb.vortexdev.com\/fr\/wp-json\/wp\/v2\/pages\/762\/revisions\/1182"}],"wp:attachment":[{"href":"https:\/\/rhs.swlauriersb.vortexdev.com\/fr\/wp-json\/wp\/v2\/media?parent=762"}],"curies":[{"name":"wp","href":"https:\/\/api.w.org\/{rel}","templated":true}]}}