{"id":791,"date":"2023-10-06T08:27:17","date_gmt":"2023-10-06T08:27:17","guid":{"rendered":"https:\/\/rhs.swlauriersb.vortexdev.com\/nouvelle\/events\/"},"modified":"2024-01-02T19:31:29","modified_gmt":"2024-01-02T19:31:29","slug":"evenements","status":"publish","type":"page","link":"https:\/\/rhs.swlauriersb.vortexdev.com\/fr\/nouvelle\/evenements\/","title":{"rendered":"\u00c9v\u00e9nements"},"content":{"rendered":"\n<h2 class=\"wp-block-heading\">\u00c9v\u00e9nements \u00e0 venir <\/h2>\n\n\n\n<ul>\n<li>Portes ouvertes \u2013 19\u00a0octobre\u00a0\u00a0\u00a0<\/li>\n\n\n\n<li>Fin de la 1<sup>re<\/sup> \u00e9tape \u2013 31 octobre\u00a0\u00a0<\/li>\n\n\n\n<li>Petit d\u00e9jeuner des dipl\u00f4m\u00e9s \u2013 8 novembre\u00a0\u00a0\u00a0<\/li>\n\n\n\n<li>Rencontres parents-enseignants \u2013 30 novembre\u00a0\u00a0\u00a0<\/li>\n\n\n\n<li>Examens de mi-ann\u00e9e \u2013 18, 19 et 20 d\u00e9cembre\u00a0\u00a0<\/li>\n\n\n\n<li>Petit d\u00e9jeuner communautaire \u2013 22 d\u00e9cembre<\/li>\n<\/ul>\n","protected":false},"excerpt":{"rendered":"<p>\u00c9v\u00e9nements \u00e0 venir<\/p>\n","protected":false},"author":1,"featured_media":0,"parent":758,"menu_order":0,"comment_status":"closed","ping_status":"closed","template":"template-events.php","meta":{"_acf_changed":false,"_relevanssi_hide_post":"","_relevanssi_hide_content":"","_relevanssi_pin_for_all":"","_relevanssi_pin_keywords":"","_relevanssi_unpin_keywords":"","_relevanssi_related_keywords":"","_relevanssi_related_include_ids":"","_relevanssi_related_exclude_ids":"","_relevanssi_related_no_append":"","_relevanssi_related_not_related":"","_relevanssi_related_posts":"","_relevanssi_noindex_reason":"","footnotes":""},"acf":[],"_links":{"self":[{"href":"https:\/\/rhs.swlauriersb.vortexdev.com\/fr\/wp-json\/wp\/v2\/pages\/791"}],"collection":[{"href":"https:\/\/rhs.swlauriersb.vortexdev.com\/fr\/wp-json\/wp\/v2\/pages"}],"about":[{"href":"https:\/\/rhs.swlauriersb.vortexdev.com\/fr\/wp-json\/wp\/v2\/types\/page"}],"author":[{"embeddable":true,"href":"https:\/\/rhs.swlauriersb.vortexdev.com\/fr\/wp-json\/wp\/v2\/users\/1"}],"replies":[{"embeddable":true,"href":"https:\/\/rhs.swlauriersb.vortexdev.com\/fr\/wp-json\/wp\/v2\/comments?post=791"}],"version-history":[{"count":1,"href":"https:\/\/rhs.swlauriersb.vortexdev.com\/fr\/wp-json\/wp\/v2\/pages\/791\/revisions"}],"predecessor-version":[{"id":792,"href":"https:\/\/rhs.swlauriersb.vortexdev.com\/fr\/wp-json\/wp\/v2\/pages\/791\/revisions\/792"}],"up":[{"embeddable":true,"href":"https:\/\/rhs.swlauriersb.vortexdev.com\/fr\/wp-json\/wp\/v2\/pages\/758"}],"wp:attachment":[{"href":"https:\/\/rhs.swlauriersb.vortexdev.com\/fr\/wp-json\/wp\/v2\/media?parent=791"}],"curies":[{"name":"wp","href":"https:\/\/api.w.org\/{rel}","templated":true}]}}