{"id":801,"date":"2023-12-18T19:31:21","date_gmt":"2023-12-18T19:31:21","guid":{"rendered":"https:\/\/rhs.swlauriersb.vortexdev.com\/student-services\/"},"modified":"2024-03-26T13:11:02","modified_gmt":"2024-03-26T13:11:02","slug":"ressources-eleves","status":"publish","type":"page","link":"https:\/\/rhs.swlauriersb.vortexdev.com\/fr\/ressources-eleves__trashed\/ressources-eleves\/","title":{"rendered":"Ressources aux \u00e9l\u00e8ves"},"content":{"rendered":"\n<div class=\"wp-block-columns is-layout-flex wp-container-core-columns-is-layout-1 wp-block-columns-is-layout-flex\">\n<div class=\"wp-block-column is-layout-flow wp-block-column-is-layout-flow\">\n<figure class=\"wp-block-embed is-type-video is-provider-youtube wp-block-embed-youtube wp-embed-aspect-16-9 wp-has-aspect-ratio\"><div class=\"wp-block-embed__wrapper\">\n<iframe loading=\"lazy\" title=\"Choosing a Program\" width=\"500\" height=\"281\" src=\"https:\/\/www.youtube.com\/embed\/zQNnPf7XcKY?feature=oembed\" frameborder=\"0\" allow=\"accelerometer; autoplay; clipboard-write; encrypted-media; gyroscope; picture-in-picture; web-share\" referrerpolicy=\"strict-origin-when-cross-origin\" allowfullscreen><\/iframe>\n<\/div><figcaption class=\"wp-element-caption\"><strong>Choisir un programme<\/strong><\/figcaption><\/figure>\n<\/div>\n\n\n\n<div class=\"wp-block-column is-layout-flow wp-block-column-is-layout-flow\">\n<figure class=\"wp-block-embed is-type-video is-provider-youtube wp-block-embed-youtube wp-embed-aspect-16-9 wp-has-aspect-ratio\"><div class=\"wp-block-embed__wrapper\">\n<iframe loading=\"lazy\" title=\"Application Systems\" width=\"500\" height=\"281\" src=\"https:\/\/www.youtube.com\/embed\/ji2dazsd2OE?feature=oembed\" frameborder=\"0\" allow=\"accelerometer; autoplay; clipboard-write; encrypted-media; gyroscope; picture-in-picture; web-share\" referrerpolicy=\"strict-origin-when-cross-origin\" allowfullscreen><\/iframe>\n<\/div><figcaption class=\"wp-element-caption\"><strong>Syst\u00e8mes de demande d\u2019admission&nbsp;<\/strong><\/figcaption><\/figure>\n<\/div>\n\n\n\n<div class=\"wp-block-column is-layout-flow wp-block-column-is-layout-flow\">\n<figure class=\"wp-block-embed is-type-video is-provider-youtube wp-block-embed-youtube wp-embed-aspect-16-9 wp-has-aspect-ratio\"><div class=\"wp-block-embed__wrapper\">\n<iframe loading=\"lazy\" title=\"Application Timeline\" width=\"500\" height=\"281\" src=\"https:\/\/www.youtube.com\/embed\/GE_HnfCgRxQ?feature=oembed\" frameborder=\"0\" allow=\"accelerometer; autoplay; clipboard-write; encrypted-media; gyroscope; picture-in-picture; web-share\" referrerpolicy=\"strict-origin-when-cross-origin\" allowfullscreen><\/iframe>\n<\/div><figcaption class=\"wp-element-caption\"><strong>\u00c9ch\u00e9ance des demandes d\u2019admission&nbsp;<\/strong><\/figcaption><\/figure>\n<\/div>\n<\/div>\n\n\n\n<div class=\"wp-block-columns is-layout-flex wp-container-core-columns-is-layout-2 wp-block-columns-is-layout-flex\">\n<div class=\"wp-block-column is-layout-flow wp-block-column-is-layout-flow\">\n<figure class=\"wp-block-embed is-type-video is-provider-youtube wp-block-embed-youtube wp-embed-aspect-16-9 wp-has-aspect-ratio\"><div class=\"wp-block-embed__wrapper\">\n<iframe loading=\"lazy\" title=\"Regular applicants. CEGEP admission process.\" width=\"500\" height=\"281\" src=\"https:\/\/www.youtube.com\/embed\/fL07UXlLJaQ?feature=oembed\" frameborder=\"0\" allow=\"accelerometer; autoplay; clipboard-write; encrypted-media; gyroscope; picture-in-picture; web-share\" referrerpolicy=\"strict-origin-when-cross-origin\" allowfullscreen><\/iframe>\n<\/div><figcaption class=\"wp-element-caption\"><strong>Explication des d\u00e9cisions d\u2019admission<\/strong><\/figcaption><\/figure>\n<\/div>\n\n\n\n<div class=\"wp-block-column is-layout-flow wp-block-column-is-layout-flow\"><\/div>\n\n\n\n<div class=\"wp-block-column is-layout-flow wp-block-column-is-layout-flow\"><\/div>\n<\/div>\n\n\n\n<div class=\"wp-block-buttons is-layout-flex wp-block-buttons-is-layout-flex\">\n<div class=\"wp-block-button is-style-text-link-pdf\"><a class=\"wp-block-button__link wp-element-button\" href=\"https:\/\/www.dawsoncollege.qc.ca\/admissions\/wp-content\/uploads\/sites\/14\/Application-Instructions.pdf\" target=\"_blank\" rel=\"noreferrer noopener\"><strong><strong>Comment soumettre une demande d\u2019admission au coll\u00e8ge Dawson (guide \u00e9tape par \u00e9tape)<\/strong><\/strong><i class=\"icon-pdf\"><\/i><\/a><\/div>\n<\/div>\n\n\n\n<div class=\"wp-block-buttons is-layout-flex wp-block-buttons-is-layout-flex\">\n<div class=\"wp-block-button is-style-text-link-pdf\"><a class=\"wp-block-button__link wp-element-button\" href=\"https:\/\/www.srasl.qc.ca\/donnees\/fichiers\/1\/guide_dadmission.pdf\" target=\"_blank\" rel=\"noreferrer noopener\"><strong><strong>Comment soumettre une demande d\u2019admission au SRASL (guide \u00e9tape par \u00e9tape)\u00a0<\/strong><\/strong><i class=\"icon-pdf\"><\/i><\/a><\/div>\n<\/div>\n\n\n\n<p><a href=\"https:\/\/www.quebec.ca\/emploi\" data-type=\"link\" data-id=\"https:\/\/www.quebec.ca\/emploi\"><strong>Qu\u00e9bec Emploi \u2013 Base de donn\u00e9e de recherche d\u2019emploi<\/strong><\/a><\/p>\n\n\n\n<div class=\"wp-block-buttons is-layout-flex wp-block-buttons-is-layout-flex\">\n<div class=\"wp-block-button is-style-text-link-pdf\"><a class=\"wp-block-button__link wp-element-button\" href=\"http:\/\/rhs.swlauriersb.vortexdev.com\/wp-content\/uploads\/sites\/9\/2023\/12\/RHS-Virtual-Cegep-Open-House-dates-2023-2024_.pdf\" target=\"_blank\" rel=\"noreferrer noopener\"><strong>Date des portes ouvertes<\/strong><i class=\"icon-pdf\"><\/i><\/a><\/div>\n<\/div>\n\n\n\n<div class=\"block-accordions-group theme-block theme-block--innerblock aligndefault\">\n    <span class=\"theme-block__label\">Accord\u00e9ons<\/span>\n  \n    \n<div class=\"block-accordion  theme-block theme-block--innerblock aligndefault\">\n    <span class=\"theme-block__label\">Accord\u00e9on<\/span>\n    <h3 class=\"block-accordion__title\">Explorer les c\u00e9geps et les programmes<\/h3>\n    \n\n<p><a href=\"https:\/\/pygma.ca\/\" data-type=\"link\" data-id=\"https:\/\/pygma.ca\/\">PYGMA<\/a><\/p>\n\n\n\n<p>Tout pour r\u00e9ussir \u2013 D\u00e9couvre les m\u00e9tiers en formation professionnelle et technique\u00a0:<\/p>\n\n\n\n<p><a href=\"https:\/\/www.emploisdavenir.gouv.qc.ca\/en\/\">https:\/\/www.emploisdavenir.gouv.qc.ca\/en\/<\/a><\/p>\n\n\n\n<p><\/p>\n\n\n<\/div>\n\n                    \n\n\n<\/div>\n\n\n\n<div class=\"block-accordions-group theme-block theme-block--innerblock aligndefault\">\n    <span class=\"theme-block__label\">Accord\u00e9ons<\/span>\n  \n    \n<div class=\"block-accordion  theme-block theme-block--innerblock aligndefault\">\n    <span class=\"theme-block__label\">Accord\u00e9on<\/span>\n    <h3 class=\"block-accordion__title\">Techniques polici\u00e8res\u00a0 \/Soins pr\u00e9hospitaliers d\u2019urgence<\/h3>\n    \n\n<p>Pour faire une demande d\u2019admission en Techniques polici\u00e8res ou en Soins pr\u00e9hospitaliers d\u2019urgence, les \u00e9l\u00e8ves doivent d\u00e9tenir leur permis de conduire probatoire avant la date limite de demande d\u2019admission du 1<sup>er<\/sup> mars. De plus, les \u00e9l\u00e8ves doivent se soumettre \u00e0 une \u00e9valuation physique qui aura lieu pendant le mois de novembre (Soins pr\u00e9hospitaliers d\u2019urgence) et le mois de d\u00e9cembre (Techniques polici\u00e8res). Les \u00e9l\u00e8ves doivent s\u2019inscrire aux \u00e9valuations au pr\u00e9alable; s\u2019adresser \u00e0 une conseill\u00e8re ou un conseiller d\u2019orientation pour en savoir plus.<\/p>\n\n\n\n<p>As-tu des questions au sujet du c\u00e9gep? Envisages-tu de t\u2019inscrire \u00e0 une \u00e9cole de m\u00e9tiers? Tu ne sais pas vraiment ce que tu veux faire apr\u00e8s le secondaire? Nous t\u2019encourageons \u00e0 prendre rendez-vous avec nos conseillers d\u2019orientation pour discuter plus \u00e0 fond des options postsecondaires qui s\u2019offrent \u00e0 toi. Les Services aux \u00e9l\u00e8ves sont compos\u00e9s d\u2019un groupe de professionnelles et professionnels et de techniciennes et de techniciens qui font preuve de bienveillance et de d\u00e9vouement, et qui t\u2019\u00e9couteront et t\u2019aideront tout au long de tes \u00e9tudes secondaires. Chaque jour, l\u2019\u00e9quipe des Services aux \u00e9l\u00e8ves fournit des renseignements, des conseils et de l\u2019aide aux \u00e9l\u00e8ves, aux membres du personnel et aux parents<\/p>\n\n\n\n<p>Cette \u00e9quipe est form\u00e9e des personnes suivantes\u00a0:\u00a0\u00a0\u00a0\u00a0\u00a0\u00a0\u00a0\u00a0\u00a0<\/p>\n\n\n\n<p>Angela Brett&nbsp;&nbsp; Conseill\u00e8re d\u2019orientation (noms de famille de A \u00e0 E) poste&nbsp;8737<\/p>\n\n\n\n<p>Martin Lalancette&nbsp; Conseiller d\u2019orientation (noms de famille de F \u00e0 L) poste&nbsp;8743<\/p>\n\n\n\n<p>Sara Mattigetz&nbsp;&nbsp;&nbsp; Conseill\u00e8re d\u2019orientation (noms de famille de L \u2013 Z) poste&nbsp;8720<\/p>\n\n\n\n<p>Tous les \u00e9l\u00e8ves et leur famille peuvent acc\u00e9der \u00e0 des services en prenant directement rendez-vous avec les membres de l\u2019\u00e9quipe. Les \u00e9l\u00e8ves peuvent \u00e9galement prendre rendez-vous avec une conseill\u00e8re ou un conseiller d\u2019orientation en cliquant sur le lien suivant\u00a0: <a href=\"https:\/\/outlook.office365.com\/owa\/calendar\/RHSGuidance1@swlsb.onmicrosoft.com\/bookings\/\" target=\"_blank\" rel=\"noreferrer noopener\">Prendre rendez-vous<\/a><\/p>\n\n\n\n<p>&nbsp;Les Services aux \u00e9l\u00e8ves offrent \u00e9galement aux \u00e9l\u00e8ves un \u00e9ventail de services, notamment &nbsp;&nbsp;&nbsp;&nbsp; des services d\u2019orientation p\u00e9dagogique, d\u2019orientation professionnelle et de counseling individuel. Nous encourageons les \u00e9l\u00e8ves qui souhaitent obtenir des renseignements sur les choix de cours, les changements d\u2019horaire, les choix de carri\u00e8res, les \u00e9coles de formation professionnelle, les c\u00e9geps et les universit\u00e9s \u00e0 prendre un rendez-vous avec une conseill\u00e8re ou un conseiller d\u2019orientation. &nbsp;&nbsp;&nbsp;&nbsp; <\/p>\n\n\n\n<p>Tous les \u00e9changes sont strictement confidentiels.<\/p>\n\n\n<\/div>\n\n                    \n\n\n<\/div>\n","protected":false},"excerpt":{"rendered":"<p>Qu\u00e9bec Emploi \u2013 Base de donn\u00e9e de recherche d\u2019emploi<\/p>\n","protected":false},"author":1,"featured_media":0,"parent":816,"menu_order":0,"comment_status":"closed","ping_status":"closed","template":"","meta":{"_acf_changed":false,"_relevanssi_hide_post":"","_relevanssi_hide_content":"","_relevanssi_pin_for_all":"","_relevanssi_pin_keywords":"","_relevanssi_unpin_keywords":"","_relevanssi_related_keywords":"","_relevanssi_related_include_ids":"","_relevanssi_related_exclude_ids":"","_relevanssi_related_no_append":"","_relevanssi_related_not_related":"","_relevanssi_related_posts":"","_relevanssi_noindex_reason":"","footnotes":""},"acf":[],"_links":{"self":[{"href":"https:\/\/rhs.swlauriersb.vortexdev.com\/fr\/wp-json\/wp\/v2\/pages\/801"}],"collection":[{"href":"https:\/\/rhs.swlauriersb.vortexdev.com\/fr\/wp-json\/wp\/v2\/pages"}],"about":[{"href":"https:\/\/rhs.swlauriersb.vortexdev.com\/fr\/wp-json\/wp\/v2\/types\/page"}],"author":[{"embeddable":true,"href":"https:\/\/rhs.swlauriersb.vortexdev.com\/fr\/wp-json\/wp\/v2\/users\/1"}],"replies":[{"embeddable":true,"href":"https:\/\/rhs.swlauriersb.vortexdev.com\/fr\/wp-json\/wp\/v2\/comments?post=801"}],"version-history":[{"count":5,"href":"https:\/\/rhs.swlauriersb.vortexdev.com\/fr\/wp-json\/wp\/v2\/pages\/801\/revisions"}],"predecessor-version":[{"id":1048,"href":"https:\/\/rhs.swlauriersb.vortexdev.com\/fr\/wp-json\/wp\/v2\/pages\/801\/revisions\/1048"}],"up":[{"embeddable":true,"href":"https:\/\/rhs.swlauriersb.vortexdev.com\/fr\/wp-json\/wp\/v2\/pages\/816"}],"wp:attachment":[{"href":"https:\/\/rhs.swlauriersb.vortexdev.com\/fr\/wp-json\/wp\/v2\/media?parent=801"}],"curies":[{"name":"wp","href":"https:\/\/api.w.org\/{rel}","templated":true}]}}