{"id":806,"date":"2023-12-18T19:35:00","date_gmt":"2023-12-18T19:35:00","guid":{"rendered":"https:\/\/rhs.swlauriersb.vortexdev.com\/football\/"},"modified":"2024-03-26T13:02:48","modified_gmt":"2024-03-26T13:02:48","slug":"football","status":"publish","type":"page","link":"https:\/\/rhs.swlauriersb.vortexdev.com\/fr\/football\/","title":{"rendered":"Football"},"content":{"rendered":"\n<p>Mission&nbsp;: L\u2019\u00e9quipe de football Rosemere Raiders repr\u00e9sentera l\u2019\u00e9cole secondaire de Rosem\u00e8re en &nbsp; v\u00e9hiculant et en adoptant de bonnes valeurs pour encourager l\u2019excellence acad\u00e9mique, favoriser la solidarit\u00e9 au sein de l\u2019\u00e9quipe et inculquer la conscience citoyenne dans un contexte de r\u00e9alisation sportive<strong>.<\/strong><strong><\/strong><\/p>\n\n\n\n<p>Vision&nbsp;: L\u2019\u00e9quipe de football Rosemere Raiders souhaite que ses \u00e9l\u00e8ves-athl\u00e8tes assument leurs responsabilit\u00e9s en tant que citoyens en pr\u00f4nant le courage et la pers\u00e9v\u00e9rance, et ainsi incarner la devise des Raiders&nbsp;: Respect, honneur et service.<\/p>\n\n\n\n<p>TU AIMERAIS TE JOINDRE AUX ROSEMERE RAIDERS?&nbsp;&nbsp;&nbsp;&nbsp;&nbsp;&nbsp;&nbsp;&nbsp;&nbsp;&nbsp;&nbsp;&nbsp;<\/p>\n\n\n\n<p>Communique avec M. Hodhod par l&#8217;entremise du <a href=\"https:\/\/rhs.swlauriersb.vortexdev.com\/fr\/contact-us\/\" data-type=\"page\" data-id=\"808\">formulaire de contact<\/a><\/p>\n\n\n\n<p>Suis-nous sur Facebook&nbsp;: <a href=\"https:\/\/www.facebook.com\/profile.php?id=100007389019430&amp;fref=browse_search\">Rosemere Raiders &#8211; Facebook<\/a>&nbsp;&nbsp;&nbsp;<\/p>\n\n\n\n<p>Suis-nous sur Twitter&nbsp;: @rhsraidersswlsb<\/p>\n\n\n\n<figure class=\"wp-block-image size-large\"><img loading=\"lazy\" decoding=\"async\" width=\"1024\" height=\"683\" src=\"http:\/\/rhs.swlauriersb.vortexdev.com\/wp-content\/uploads\/sites\/9\/2023\/12\/RHS-Raiders-Champions-2022-2023-1024x683.jpeg\" alt=\"\" class=\"wp-image-650\" srcset=\"https:\/\/rhs.swlauriersb.vortexdev.com\/wp-content\/uploads\/sites\/9\/2023\/12\/RHS-Raiders-Champions-2022-2023-1024x683.jpeg 1024w, https:\/\/rhs.swlauriersb.vortexdev.com\/wp-content\/uploads\/sites\/9\/2023\/12\/RHS-Raiders-Champions-2022-2023-300x200.jpeg 300w, https:\/\/rhs.swlauriersb.vortexdev.com\/wp-content\/uploads\/sites\/9\/2023\/12\/RHS-Raiders-Champions-2022-2023-768x512.jpeg 768w, https:\/\/rhs.swlauriersb.vortexdev.com\/wp-content\/uploads\/sites\/9\/2023\/12\/RHS-Raiders-Champions-2022-2023-1536x1024.jpeg 1536w, https:\/\/rhs.swlauriersb.vortexdev.com\/wp-content\/uploads\/sites\/9\/2023\/12\/RHS-Raiders-Champions-2022-2023-2048x1365.jpeg 2048w\" sizes=\"(max-width: 1024px) 100vw, 1024px\" \/><\/figure>\n","protected":false},"excerpt":{"rendered":"<p>Mission&nbsp;: L\u2019\u00e9quipe de football Rosemere Raiders repr\u00e9sentera l\u2019\u00e9cole secondaire de Rosem\u00e8re en &nbsp; v\u00e9hiculant et en adoptant de bonnes valeurs pour encourager l\u2019excellence acad\u00e9mique, favoriser la solidarit\u00e9 au sein de l\u2019\u00e9quipe et inculquer la conscience citoyenne dans un contexte de r\u00e9alisation sportive. Vision&nbsp;: L\u2019\u00e9quipe de football Rosemere Raiders souhaite que ses \u00e9l\u00e8ves-athl\u00e8tes assument leurs responsabilit\u00e9s&hellip;<\/p>\n","protected":false},"author":1,"featured_media":0,"parent":0,"menu_order":0,"comment_status":"closed","ping_status":"closed","template":"","meta":{"_acf_changed":false,"_relevanssi_hide_post":"","_relevanssi_hide_content":"","_relevanssi_pin_for_all":"","_relevanssi_pin_keywords":"","_relevanssi_unpin_keywords":"","_relevanssi_related_keywords":"","_relevanssi_related_include_ids":"","_relevanssi_related_exclude_ids":"","_relevanssi_related_no_append":"","_relevanssi_related_not_related":"","_relevanssi_related_posts":"","_relevanssi_noindex_reason":"","footnotes":""},"acf":[],"_links":{"self":[{"href":"https:\/\/rhs.swlauriersb.vortexdev.com\/fr\/wp-json\/wp\/v2\/pages\/806"}],"collection":[{"href":"https:\/\/rhs.swlauriersb.vortexdev.com\/fr\/wp-json\/wp\/v2\/pages"}],"about":[{"href":"https:\/\/rhs.swlauriersb.vortexdev.com\/fr\/wp-json\/wp\/v2\/types\/page"}],"author":[{"embeddable":true,"href":"https:\/\/rhs.swlauriersb.vortexdev.com\/fr\/wp-json\/wp\/v2\/users\/1"}],"replies":[{"embeddable":true,"href":"https:\/\/rhs.swlauriersb.vortexdev.com\/fr\/wp-json\/wp\/v2\/comments?post=806"}],"version-history":[{"count":2,"href":"https:\/\/rhs.swlauriersb.vortexdev.com\/fr\/wp-json\/wp\/v2\/pages\/806\/revisions"}],"predecessor-version":[{"id":1056,"href":"https:\/\/rhs.swlauriersb.vortexdev.com\/fr\/wp-json\/wp\/v2\/pages\/806\/revisions\/1056"}],"wp:attachment":[{"href":"https:\/\/rhs.swlauriersb.vortexdev.com\/fr\/wp-json\/wp\/v2\/media?parent=806"}],"curies":[{"name":"wp","href":"https:\/\/api.w.org\/{rel}","templated":true}]}}